{"id":1847,"date":"2025-09-30T17:49:13","date_gmt":"2025-09-30T15:49:13","guid":{"rendered":"https:\/\/mypapergate.net\/?page_id=1847"},"modified":"2025-10-01T02:17:08","modified_gmt":"2025-10-01T00:17:08","slug":"erich-maria-remarque","status":"publish","type":"page","link":"https:\/\/mypapergate.net\/en\/autoren\/erich-maria-remarque\/","title":{"rendered":"Erich Maria Remarque"},"content":{"rendered":"<section id=\"remarque\">\n  <h2>Erich Maria Remarque \u2013 Chronist des Krieges<\/h2>\n  <figure>\n    <img data-recalc-dims=\"1\" decoding=\"async\" src=\"https:\/\/i0.wp.com\/mypapergate.net\/wp-content\/uploads\/2025\/10\/erich-maria-remarque-e1759276912487.jpg?ssl=1\" alt=\"Erich Maria Remarque\" style=\"max-width:300px;height:auto\">\n    <figcaption>\n      Erich Maria Remarque (1898\u20131970). \n      <em>Quelle:<\/em> WordPress-Upload \u2013 Lizenz nicht angegeben.\n    <\/figcaption>\n  <\/figure>\n\n  <h3>Biografie<\/h3>\n  <p>\n    Erich Maria Remarque wurde am 22. Juni 1898 in Osnabr\u00fcck geboren. \n    Im Ersten Weltkrieg wurde er als 18-J\u00e4hriger an die Westfront eingezogen und schwer verwundet. \n    Diese Erfahrungen pr\u00e4gten sein sp\u00e4teres Werk. 1929 erschien sein ber\u00fchmtester Roman \n    <em>\u201eIm Westen nichts Neues\u201c<\/em>, der ihm Weltruhm einbrachte \u2013 aber auch erbitterte Feindschaft \n    in nationalistischen und nationalsozialistischen Kreisen.\n  <\/p>\n  <p>\n    1933 wurden seine B\u00fccher in Deutschland \u00f6ffentlich verbrannt, er selbst emigrierte in die Schweiz und sp\u00e4ter in die USA. \n    Nach dem Zweiten Weltkrieg lebte er in der Schweiz, zuletzt in Locarno, wo er am 25. September 1970 starb.\n  <\/p>\n\n  <h3>Werke und Themen<\/h3>\n  <ul>\n    <li><em>\u201eIm Westen nichts Neues\u201c (1929)<\/em> \u2013 Anti-Kriegsroman \u00fcber den Ersten Weltkrieg aus der Sicht des Soldaten Paul B\u00e4umer.<\/li>\n    <li><em>\u201eDer Weg zur\u00fcck\u201c (1931)<\/em> \u2013 Fortsetzung, \u00fcber das schwierige Heimkommen der Frontgeneration.<\/li>\n    <li><em>\u201eDrei Kameraden\u201c (1936)<\/em> \u2013 Roman \u00fcber Freundschaft, Hoffnung und Verlust in der Weimarer Republik.<\/li>\n    <li><em>\u201eLiebe Deinen N\u00e4chsten\u201c (1941)<\/em> \u2013 \u00fcber die Flucht deutscher Emigranten vor den Nazis.<\/li>\n    <li><em>\u201eArc de Triomphe\u201c (1945)<\/em> \u2013 Exilroman im Paris der Vorkriegszeit.<\/li>\n    <li><em>\u201eDer schwarze Obelisk\u201c (1956)<\/em> \u2013 R\u00fcckblick auf die Weimarer Zeit, \u00fcber Liebe, Inflation und Orientierungslosigkeit.<\/li>\n  <\/ul>\n\n  <h3>Bedeutung<\/h3>\n  <p>\n    Remarque wurde wegen seines klaren, oft unsentimentalen Stils weltber\u00fchmt. \n    Er gab den Soldaten und Exilanten der Zwischenkriegszeit eine Stimme und wurde zu einem Symbol \n    f\u00fcr die literarische Aufarbeitung des Ersten Weltkriegs. \n    Seine B\u00fccher wurden in \u00fcber 50 Sprachen \u00fcbersetzt und Millionen Mal verkauft. \n    Bis heute gilt er als einer der wichtigsten Mahner gegen Krieg und Gewalt.\n  <\/p>\n<\/section>","protected":false},"excerpt":{"rendered":"<p>Erich Maria Remarque \u2013 Chronist des Krieges Erich Maria Remarque (1898\u20131970). Quelle: WordPress-Upload \u2013 Lizenz nicht angegeben. Biografie Erich Maria Remarque wurde am 22. Juni 1898 in Osnabr\u00fcck geboren. Im Ersten Weltkrieg wurde er als 18-J\u00e4hriger an die Westfront eingezogen und schwer verwundet. Diese Erfahrungen pr\u00e4gten sein sp\u00e4teres Werk. 1929 erschien sein ber\u00fchmtester Roman \u201eIm [&hellip;]<\/p>\n","protected":false},"author":269358233,"featured_media":1886,"parent":837,"menu_order":0,"comment_status":"closed","ping_status":"closed","template":"","meta":{"_crdt_document":"","advanced_seo_description":"","jetpack_seo_html_title":"","jetpack_seo_noindex":false,"footnotes":""},"class_list":["post-1847","page","type-page","status-publish","has-post-thumbnail","hentry"],"jetpack_likes_enabled":true,"jetpack_sharing_enabled":true,"jetpack_shortlink":"https:\/\/wp.me\/PgI6ye-tN","jetpack-related-posts":[],"_links":{"self":[{"href":"https:\/\/mypapergate.net\/en\/wp-json\/wp\/v2\/pages\/1847","targetHints":{"allow":["GET"]}}],"collection":[{"href":"https:\/\/mypapergate.net\/en\/wp-json\/wp\/v2\/pages"}],"about":[{"href":"https:\/\/mypapergate.net\/en\/wp-json\/wp\/v2\/types\/page"}],"author":[{"embeddable":true,"href":"https:\/\/mypapergate.net\/en\/wp-json\/wp\/v2\/users\/269358233"}],"replies":[{"embeddable":true,"href":"https:\/\/mypapergate.net\/en\/wp-json\/wp\/v2\/comments?post=1847"}],"version-history":[{"count":2,"href":"https:\/\/mypapergate.net\/en\/wp-json\/wp\/v2\/pages\/1847\/revisions"}],"predecessor-version":[{"id":1885,"href":"https:\/\/mypapergate.net\/en\/wp-json\/wp\/v2\/pages\/1847\/revisions\/1885"}],"up":[{"embeddable":true,"href":"https:\/\/mypapergate.net\/en\/wp-json\/wp\/v2\/pages\/837"}],"wp:featuredmedia":[{"embeddable":true,"href":"https:\/\/mypapergate.net\/en\/wp-json\/wp\/v2\/media\/1886"}],"wp:attachment":[{"href":"https:\/\/mypapergate.net\/en\/wp-json\/wp\/v2\/media?parent=1847"}],"curies":[{"name":"wp","href":"https:\/\/api.w.org\/{rel}","templated":true}]}}