{"id":1868,"date":"2025-10-01T01:15:42","date_gmt":"2025-09-30T23:15:42","guid":{"rendered":"https:\/\/mypapergate.net\/?page_id=1868"},"modified":"2025-10-01T01:52:37","modified_gmt":"2025-09-30T23:52:37","slug":"hans-magnus-enzensberger-2","status":"publish","type":"page","link":"https:\/\/mypapergate.net\/en\/autoren\/hans-magnus-enzensberger-2\/","title":{"rendered":"Hans Magnus Enzensberger"},"content":{"rendered":"<section id=\"enzensberger\">\n  <h2>Hans Magnus Enzensberger \u2013 Dichter, Essayist, Intellektueller<\/h2>\n  <figure>\n    <img data-recalc-dims=\"1\" decoding=\"async\" src=\"https:\/\/i0.wp.com\/mypapergate.net\/wp-content\/uploads\/2025\/10\/hans-magnus-enzensberger-e1759274417499.jpg?ssl=1\" alt=\"Hans Magnus Enzensberger\" style=\"max-width:300px;height:auto\">\n    <figcaption>\n      Hans Magnus Enzensberger (1929\u20132022). \n      <em>Quelle:<\/em> WordPress-Upload \u2013 Lizenz nicht angegeben.\n    <\/figcaption>\n  <\/figure>\n\n  <h3>Biografie<\/h3>\n  <p>\n    Hans Magnus Enzensberger wurde am 11. November 1929 in Kaufbeuren geboren. \n    Nach dem Zweiten Weltkrieg studierte er Literaturwissenschaft, Philosophie und Sprachen in Erlangen, Freiburg, Hamburg und Paris. \n    Bereits in den 1950er-Jahren trat er als Lyriker und Essayist hervor und geh\u00f6rte zum Umfeld der <em>Gruppe 47<\/em>. \n    Neben seiner schriftstellerischen T\u00e4tigkeit arbeitete er als Herausgeber und \u00dcbersetzer, u. a. gr\u00fcndete er die Taschenbuchreihe \n    <em>\u201eDie andere Bibliothek\u201c<\/em>. Er starb am 24. November 2022 in M\u00fcnchen.\n  <\/p>\n\n  <h3>Werke und Themen<\/h3>\n  <ul>\n    <li><em>\u201eVerteidigung der W\u00f6lfe\u201c (1957)<\/em> \u2013 Gedichtband, der ihn bekannt machte; ironisch, provokant, gesellschaftskritisch.<\/li>\n    <li><em>\u201eMausoleum\u201c (1975)<\/em> \u2013 siebenunddrei\u00dfig Balladen \u00fcber historische Figuren des Fortschritts.<\/li>\n    <li><em>\u201eDer Untergang der Titanic\u201c (1978)<\/em> \u2013 poetisches Langgedicht, Parabel auf Katastrophe und Gesellschaft.<\/li>\n    <li><em>\u201eAch Europa!\u201c (1987)<\/em> \u2013 literarische Reportagen und Essays \u00fcber Europa im Umbruch.<\/li>\n    <li><em>\u201eDer Zahlenteufel\u201c (1997)<\/em> \u2013 popul\u00e4res Kinderbuch \u00fcber Mathematik, international erfolgreich.<\/li>\n  <\/ul>\n\n  <h3>Bedeutung<\/h3>\n  <p>\n    Enzensberger verband Literatur und Politik auf originelle Weise. \n    Er war kritisch, oft ironisch, zugleich unterhaltsam und bildungsnah. \n    Seine Stimme pr\u00e4gte \u00fcber Jahrzehnte die Debatten in der Bundesrepublik. \n    Als Dichter, Essayist und Herausgeber gilt er als eine der wichtigsten intellektuellen Figuren der deutschen Nachkriegsliteratur.\n  <\/p>\n<\/section>","protected":false},"excerpt":{"rendered":"<p>Hans Magnus Enzensberger \u2013 Dichter, Essayist, Intellektueller Hans Magnus Enzensberger (1929\u20132022). Quelle: WordPress-Upload \u2013 Lizenz nicht angegeben. Biografie Hans Magnus Enzensberger wurde am 11. November 1929 in Kaufbeuren geboren. Nach dem Zweiten Weltkrieg studierte er Literaturwissenschaft, Philosophie und Sprachen in Erlangen, Freiburg, Hamburg und Paris. Bereits in den 1950er-Jahren trat er als Lyriker und Essayist [&hellip;]<\/p>\n","protected":false},"author":269358233,"featured_media":0,"parent":837,"menu_order":0,"comment_status":"closed","ping_status":"closed","template":"","meta":{"_crdt_document":"","advanced_seo_description":"","jetpack_seo_html_title":"","jetpack_seo_noindex":false,"footnotes":""},"class_list":["post-1868","page","type-page","status-publish","hentry"],"jetpack_likes_enabled":true,"jetpack_sharing_enabled":true,"jetpack_shortlink":"https:\/\/wp.me\/PgI6ye-u8","jetpack-related-posts":[],"_links":{"self":[{"href":"https:\/\/mypapergate.net\/en\/wp-json\/wp\/v2\/pages\/1868","targetHints":{"allow":["GET"]}}],"collection":[{"href":"https:\/\/mypapergate.net\/en\/wp-json\/wp\/v2\/pages"}],"about":[{"href":"https:\/\/mypapergate.net\/en\/wp-json\/wp\/v2\/types\/page"}],"author":[{"embeddable":true,"href":"https:\/\/mypapergate.net\/en\/wp-json\/wp\/v2\/users\/269358233"}],"replies":[{"embeddable":true,"href":"https:\/\/mypapergate.net\/en\/wp-json\/wp\/v2\/comments?post=1868"}],"version-history":[{"count":2,"href":"https:\/\/mypapergate.net\/en\/wp-json\/wp\/v2\/pages\/1868\/revisions"}],"predecessor-version":[{"id":1883,"href":"https:\/\/mypapergate.net\/en\/wp-json\/wp\/v2\/pages\/1868\/revisions\/1883"}],"up":[{"embeddable":true,"href":"https:\/\/mypapergate.net\/en\/wp-json\/wp\/v2\/pages\/837"}],"wp:attachment":[{"href":"https:\/\/mypapergate.net\/en\/wp-json\/wp\/v2\/media?parent=1868"}],"curies":[{"name":"wp","href":"https:\/\/api.w.org\/{rel}","templated":true}]}}