{"id":364,"date":"2025-08-11T18:31:04","date_gmt":"2025-08-11T16:31:04","guid":{"rendered":"https:\/\/mypapergate.net\/?page_id=364"},"modified":"2026-02-13T14:34:38","modified_gmt":"2026-02-13T13:34:38","slug":"autor-biografie","status":"publish","type":"page","link":"https:\/\/mypapergate.net\/en\/autor-biografie\/","title":{"rendered":"Autor-Biografie"},"content":{"rendered":"<p class=\"wp-block-paragraph\"><strong>Wolfgang Bossert \u2013 Unternehmer, Autor, Kulturgestalter.<\/strong><br>Geboren 1948, wohnhaft in Eberdingen. Staatlich gepr\u00fcfter Medienmanager f\u00fcr Print &amp; Paper, Studium in Stuttgart.<br>Nach meiner Ausbildung \u00fcbernahm ich 1975 den Familienbetrieb und gr\u00fcndete vier Unternehmen mit Verantwortung f\u00fcr \u00fcber 300 Mitarbeiter bundesweit.<br>Entwicklung des I-PAPER in Zusammenarbeit mit internationalen Papierkonzernen.<br>Projektmanagement von der Erfindung bis zur Marktreife als Identifikationsmedium im globalen Handel.<br>Langj\u00e4hriges Engagement in Politik und Kultur: 30 Jahre Gemeinderat, stellvertretender B\u00fcrgermeister, Vorsitzender des Kulturvereins mit \u00fcber 120 Veranstaltungen.<br>Literatur ist f\u00fcr mich mehr als gedrucktes Wort \u2013 sie wird zum digitalen, immersiven Erlebnis.<\/p>\n\n\n<div class=\"wp-block-code\">\n\t<div class=\"cm-editor\">\n\t\t<div class=\"cm-scroller\">\n\t\t\t\n<pre><code class=\"language-html\"><div class=\"cm-line\">Bild: Gewinner des Innovationspreises der Deutschen Druckindustrie <\/div><\/code><\/pre>\n\t\t<\/div>\n\t<\/div>\n<\/div>\n\n\n<ul class=\"wp-block-list\">\n<li><a href=\"https:\/\/mypapergate.net\/en\/autor\/autor-biografie\/\">Autor-Biografie<\/a><\/li>\n\n\n\n<li><a href=\"https:\/\/mypapergate.net\/en\/autor\/warum-ich-schreibe-erzahlung\/\">Warum ich schreibe (Erz\u00e4hlung)<\/a><\/li>\n\n\n\n<li><a href=\"https:\/\/mypapergate.net\/en\/autor\/bienvenue-2\/\">Bienvenue<\/a><\/li>\n<\/ul>","protected":false},"excerpt":{"rendered":"<p>Wolfgang Bossert \u2013 Unternehmer, Autor, Kulturgestalter.Geboren 1948, wohnhaft in Eberdingen. Staatlich gepr\u00fcfter Medienmanager f\u00fcr Print &amp; Paper, Studium in Stuttgart.Nach meiner Ausbildung \u00fcbernahm ich 1975 den Familienbetrieb und gr\u00fcndete vier Unternehmen mit Verantwortung f\u00fcr \u00fcber 300 Mitarbeiter bundesweit.Entwicklung des I-PAPER in Zusammenarbeit mit internationalen Papierkonzernen.Projektmanagement von der Erfindung bis zur Marktreife als Identifikationsmedium im globalen [&hellip;]<\/p>\n","protected":false},"author":269358233,"featured_media":2699,"parent":0,"menu_order":0,"comment_status":"closed","ping_status":"closed","template":"","meta":{"_crdt_document":"","advanced_seo_description":"","jetpack_seo_html_title":"","jetpack_seo_noindex":false,"footnotes":""},"class_list":["post-364","page","type-page","status-publish","has-post-thumbnail","hentry"],"jetpack_likes_enabled":true,"jetpack_sharing_enabled":true,"jetpack_shortlink":"https:\/\/wp.me\/PgI6ye-5S","jetpack-related-posts":[],"_links":{"self":[{"href":"https:\/\/mypapergate.net\/en\/wp-json\/wp\/v2\/pages\/364","targetHints":{"allow":["GET"]}}],"collection":[{"href":"https:\/\/mypapergate.net\/en\/wp-json\/wp\/v2\/pages"}],"about":[{"href":"https:\/\/mypapergate.net\/en\/wp-json\/wp\/v2\/types\/page"}],"author":[{"embeddable":true,"href":"https:\/\/mypapergate.net\/en\/wp-json\/wp\/v2\/users\/269358233"}],"replies":[{"embeddable":true,"href":"https:\/\/mypapergate.net\/en\/wp-json\/wp\/v2\/comments?post=364"}],"version-history":[{"count":8,"href":"https:\/\/mypapergate.net\/en\/wp-json\/wp\/v2\/pages\/364\/revisions"}],"predecessor-version":[{"id":5765,"href":"https:\/\/mypapergate.net\/en\/wp-json\/wp\/v2\/pages\/364\/revisions\/5765"}],"wp:featuredmedia":[{"embeddable":true,"href":"https:\/\/mypapergate.net\/en\/wp-json\/wp\/v2\/media\/2699"}],"wp:attachment":[{"href":"https:\/\/mypapergate.net\/en\/wp-json\/wp\/v2\/media?parent=364"}],"curies":[{"name":"wp","href":"https:\/\/api.w.org\/{rel}","templated":true}]}}