{"id":5861,"date":"2026-03-13T13:34:26","date_gmt":"2026-03-13T12:34:26","guid":{"rendered":"https:\/\/mypapergate.net\/?page_id=5861"},"modified":"2026-03-13T19:42:00","modified_gmt":"2026-03-13T18:42:00","slug":"die-neun-schwaben","status":"publish","type":"page","link":"https:\/\/mypapergate.net\/en\/die-neun-schwaben\/","title":{"rendered":"Die neun Schwaben"},"content":{"rendered":"<h1 data-section-id=\"q04xau\" data-start=\"337\" data-end=\"378\">Die schw\u00e4bischen Dichter im FutureLab<\/h1>\n<h3 data-section-id=\"fp9ykf\" data-start=\"379\" data-end=\"426\">Eine literarische Session im Zauberberg 2.0<\/h3>\n<h2 data-section-id=\"e3itd4\" data-start=\"428\" data-end=\"449\">Inhaltsverzeichnis<\/h2>\n<p data-start=\"451\" data-end=\"734\">Prolog \u2013 Der Salon des FutureLabs<br data-start=\"484\" data-end=\"487\" \/>Die neun schw\u00e4bischen Dichter<br data-start=\"516\" data-end=\"519\" \/>Vorstellung der Dichter und ihrer Werke<br data-start=\"558\" data-end=\"561\" \/>Das Symposium \u2013 Warum wird ein Dichter \u00f6ffentlich?<br data-start=\"611\" data-end=\"614\" \/>Streitgespr\u00e4ch \u2013 Freiheit oder das G\u00f6ttliche?<br data-start=\"659\" data-end=\"662\" \/>Der Auftritt von Goethe<br data-start=\"685\" data-end=\"688\" \/>Finale \u2013 Die Botschaft der deutschen Klassik<\/p>\n<hr data-start=\"736\" data-end=\"739\" \/>\n<h1 data-section-id=\"1mnnh3\" data-start=\"741\" data-end=\"746\">1<\/h1>\n<h1 data-section-id=\"8f098v\" data-start=\"747\" data-end=\"757\">Prolog<\/h1>\n<h2 data-section-id=\"1w0am3m\" data-start=\"758\" data-end=\"785\">Der Salon des FutureLabs<\/h2>\n<p data-start=\"787\" data-end=\"837\">Der literarische Salon des FutureLabs \u00f6ffnet sich.<\/p>\n<p data-start=\"839\" data-end=\"972\">Gro\u00dfe Panoramafenster zeigen eine Landschaft, die zugleich real und digital ist.<br data-start=\"919\" data-end=\"922\" \/>Der Neckar windet sich durch Weinberge und St\u00e4dte.<\/p>\n<p data-start=\"974\" data-end=\"1046\">Auf der holografischen B\u00fchne erscheinen Gestalten aus der Vergangenheit.<\/p>\n<p data-start=\"1048\" data-end=\"1085\">Der Moderator begr\u00fc\u00dft die Teilnehmer:<\/p>\n<p data-start=\"1087\" data-end=\"1202\">\u201eHeute widmen wir uns einer Landschaft der Literatur, die erstaunlich viele Dichter hervorgebracht hat \u2013 Schwaben.\u201c<\/p>\n<p data-start=\"1204\" data-end=\"1246\">Neun Dichter nehmen am runden Tisch Platz.<\/p>\n<hr data-start=\"1248\" data-end=\"1251\" \/>\n<h1 data-section-id=\"1mnml0\" data-start=\"1253\" data-end=\"1258\">2<\/h1>\n<h1 data-section-id=\"1cgfyyw\" data-start=\"1259\" data-end=\"1290\">Die neun schw\u00e4bischen Dichter<\/h1>\n<p data-start=\"1292\" data-end=\"1334\">Die Teilnehmer der FutureLab-Session sind:<\/p>\n<p data-start=\"1336\" data-end=\"1488\"><a href=\"https:\/\/de.wikipedia.org\/wiki\/Friedrich_Schiller\">Friedrich Schiller<\/a><br data-start=\"1354\" data-end=\"1357\" \/><a href=\"https:\/\/de.wikipedia.org\/wiki\/Friedrich_H%C3%B6lderlin\">Friedrich H\u00f6lderlin<\/a><br data-start=\"1376\" data-end=\"1379\" \/><a href=\"https:\/\/de.wikipedia.org\/wiki\/Justinus_Kerner\">Justinus Kerner<\/a><br data-start=\"1394\" data-end=\"1397\" \/><a href=\"https:\/\/de.wikipedia.org\/wiki\/Ludwig_Uhland\">Ludwig Uhland<\/a><br data-start=\"1410\" data-end=\"1413\" \/><a href=\"https:\/\/de.wikipedia.org\/wiki\/Wilhelm_Hauff\">Wilhelm Hauff<\/a><br data-start=\"1426\" data-end=\"1429\" \/><a href=\"https:\/\/de.wikipedia.org\/wiki\/Eduard_M%C3%B6rike\">Eduard M\u00f6rike<\/a><br data-start=\"1442\" data-end=\"1445\" \/><a href=\"https:\/\/de.wikipedia.org\/wiki\/Gustav_Schwab\">Gustav Schwab<\/a><br data-start=\"1458\" data-end=\"1461\" \/><a href=\"https:\/\/de.wikipedia.org\/wiki\/Karl_Gerok\">Karl Gerok<\/a><br data-start=\"1471\" data-end=\"1474\" \/><a href=\"https:\/\/de.wikipedia.org\/wiki\/Hermann_Kurz\">Hermann Kurz<\/a><\/p>\n<p data-start=\"1490\" data-end=\"1615\">Sie alle stammen aus dem kulturellen Raum W\u00fcrttembergs und haben die deutsche Literatur des 18. und 19. Jahrhunderts gepr\u00e4gt.<\/p>\n<hr data-start=\"1617\" data-end=\"1620\" \/>\n<h1 data-section-id=\"1mnlsl\" data-start=\"1622\" data-end=\"1627\">3<\/h1>\n<h1 data-section-id=\"1ynzsqt\" data-start=\"1628\" data-end=\"1653\">Vorstellung der Dichter<\/h1>\n<h2 data-section-id=\"1xvynqn\" data-start=\"1655\" data-end=\"1676\">Friedrich Schiller<\/h2>\n<p data-start=\"1678\" data-end=\"1703\">Der Dichter der Freiheit.<\/p>\n<p data-start=\"1705\" data-end=\"1720\">Wichtige Werke:<\/p>\n<p data-start=\"1722\" data-end=\"1795\">Die R\u00e4uber<br data-start=\"1732\" data-end=\"1735\" \/>Kabale und Liebe<br data-start=\"1751\" data-end=\"1754\" \/>Don Carlos<br data-start=\"1764\" data-end=\"1767\" \/>Wallenstein<br data-start=\"1778\" data-end=\"1781\" \/>Wilhelm Tell<\/p>\n<p data-start=\"1797\" data-end=\"1867\">Seine Werke handeln von Freiheit, Moral und politischer Verantwortung.<\/p>\n<hr data-start=\"1869\" data-end=\"1872\" \/>\n<h2 data-section-id=\"1b1m6kj\" data-start=\"1874\" data-end=\"1896\">Friedrich H\u00f6lderlin<\/h2>\n<p data-start=\"1898\" data-end=\"1937\">Der metaphysische Dichter Deutschlands.<\/p>\n<p data-start=\"1939\" data-end=\"1954\">Wichtige Werke:<\/p>\n<p data-start=\"1956\" data-end=\"1991\">Hyperion<br data-start=\"1964\" data-end=\"1967\" \/>Der Tod des Empedokles<\/p>\n<p data-start=\"1993\" data-end=\"2005\">Gedichte wie<\/p>\n<p data-start=\"2007\" data-end=\"2044\">\u201eH\u00e4lfte des Lebens\u201c<br data-start=\"2026\" data-end=\"2029\" \/>\u201eBrot und Wein\u201c<\/p>\n<p data-start=\"2046\" data-end=\"2109\">Seine Dichtung verbindet Natur, Antike und religi\u00f6se Erfahrung.<\/p>\n<hr data-start=\"2111\" data-end=\"2114\" \/>\n<h2 data-section-id=\"1r171ob\" data-start=\"2116\" data-end=\"2132\">Ludwig Uhland<\/h2>\n<p data-start=\"2134\" data-end=\"2170\">Romantischer Dichter und Historiker.<\/p>\n<p data-start=\"2172\" data-end=\"2187\">Bekannte Werke:<\/p>\n<p data-start=\"2189\" data-end=\"2238\">\u201eDes S\u00e4ngers Fluch\u201c<br data-start=\"2208\" data-end=\"2211\" \/>\u201eIch hatt\u2019 einen Kameraden\u201c<\/p>\n<hr data-start=\"2240\" data-end=\"2243\" \/>\n<h2 data-section-id=\"13a7reh\" data-start=\"2245\" data-end=\"2263\">Justinus Kerner<\/h2>\n<p data-start=\"2265\" data-end=\"2317\">Arzt, Dichter und Vertreter der romantischen Mystik.<\/p>\n<p data-start=\"2319\" data-end=\"2332\">Bekannt durch<\/p>\n<p data-start=\"2334\" data-end=\"2359\">Die Seherin von Prevorst.<\/p>\n<hr data-start=\"2361\" data-end=\"2364\" \/>\n<h2 data-section-id=\"2yg30r\" data-start=\"2366\" data-end=\"2382\">Gustav Schwab<\/h2>\n<p data-start=\"2384\" data-end=\"2417\">Literaturvermittler und Erz\u00e4hler.<\/p>\n<p data-start=\"2419\" data-end=\"2439\">Sein ber\u00fchmtes Werk:<\/p>\n<p data-start=\"2441\" data-end=\"2487\">Die sch\u00f6nsten Sagen des klassischen Altertums.<\/p>\n<hr data-start=\"2489\" data-end=\"2492\" \/>\n<h2 data-section-id=\"1bgsf3b\" data-start=\"2494\" data-end=\"2510\">Wilhelm Hauff<\/h2>\n<p data-start=\"2512\" data-end=\"2528\">M\u00e4rchenerz\u00e4hler.<\/p>\n<p data-start=\"2530\" data-end=\"2545\">Bekannte Werke:<\/p>\n<p data-start=\"2547\" data-end=\"2609\">Der kleine Muck<br data-start=\"2562\" data-end=\"2565\" \/>Kalif Storch<br data-start=\"2577\" data-end=\"2580\" \/>Das kalte Herz<br data-start=\"2594\" data-end=\"2597\" \/>Lichtenstein<\/p>\n<hr data-start=\"2611\" data-end=\"2614\" \/>\n<h2 data-section-id=\"1pkd56w\" data-start=\"2616\" data-end=\"2632\">Eduard M\u00f6rike<\/h2>\n<p data-start=\"2634\" data-end=\"2665\">Meister der lyrischen Stimmung.<\/p>\n<p data-start=\"2667\" data-end=\"2679\">Bekannt f\u00fcr:<\/p>\n<p data-start=\"2681\" data-end=\"2745\">\u201eEr ist\u2019s\u201c<br data-start=\"2691\" data-end=\"2694\" \/>\u201eSeptembermorgen\u201c<br data-start=\"2711\" data-end=\"2714\" \/>Mozart auf der Reise nach Prag.<\/p>\n<hr data-start=\"2747\" data-end=\"2750\" \/>\n<h2 data-section-id=\"yoits5\" data-start=\"2752\" data-end=\"2765\">Karl Gerok<\/h2>\n<p data-start=\"2767\" data-end=\"2804\">Theologe und Dichter aus W\u00fcrttemberg.<\/p>\n<p data-start=\"2806\" data-end=\"2966\">Bekannt wurde er durch seine Sammlung religi\u00f6ser Gedichte <strong data-start=\"2864\" data-end=\"2879\">Palmbl\u00e4tter<\/strong>, die im 19. Jahrhundert zu den meistgelesenen B\u00fcchern im deutschen Sprachraum geh\u00f6rte.<\/p>\n<p data-start=\"2968\" data-end=\"3098\">Geroks Dichtung verbindet protestantische Fr\u00f6mmigkeit mit poetischer Sprache und spiegelt die religi\u00f6se Kultur W\u00fcrttembergs wider.<\/p>\n<hr data-start=\"3100\" data-end=\"3103\" \/>\n<h2 data-section-id=\"1hi84io\" data-start=\"3105\" data-end=\"3120\">Hermann Kurz<\/h2>\n<p data-start=\"3122\" data-end=\"3174\">Historischer Schriftsteller und Literaturhistoriker.<\/p>\n<p data-start=\"3176\" data-end=\"3190\">Bekannt durch:<\/p>\n<p data-start=\"3192\" data-end=\"3245\">historische Romane<br data-start=\"3210\" data-end=\"3213\" \/>Studien zur deutschen Literatur.<\/p>\n<hr data-start=\"3247\" data-end=\"3250\" \/>\n<h1 data-section-id=\"1mnkwi\" data-start=\"3252\" data-end=\"3257\">4<\/h1>\n<h1 data-section-id=\"1gpwybu\" data-start=\"3258\" data-end=\"3275\">Das Symposium<\/h1>\n<h2 data-section-id=\"4q81f2\" data-start=\"3276\" data-end=\"3313\">Warum wird ein Dichter \u00f6ffentlich?<\/h2>\n<p data-start=\"3315\" data-end=\"3353\">Der Moderator er\u00f6ffnet die Diskussion.<\/p>\n<p data-start=\"3355\" data-end=\"3505\">\u201eMeine Herren, Sie alle haben geschrieben.<br data-start=\"3397\" data-end=\"3400\" \/>Aber warum haben Sie Ihre Werke ver\u00f6ffentlicht?<br data-start=\"3447\" data-end=\"3450\" \/>Was treibt einen Dichter dazu, \u00f6ffentlich zu sprechen?\u201c<\/p>\n<hr data-start=\"3507\" data-end=\"3510\" \/>\n<h2 data-section-id=\"krv8xv\" data-start=\"3512\" data-end=\"3523\">Schiller<\/h2>\n<p data-start=\"3525\" data-end=\"3551\">Schiller antwortet zuerst.<\/p>\n<p data-start=\"3553\" data-end=\"3601\">\u201eIch schrieb, weil Freiheit eine Stimme braucht.<\/p>\n<p data-start=\"3603\" data-end=\"3671\">Als ich Die R\u00e4uber schrieb, lebte ich unter milit\u00e4rischer Disziplin.<\/p>\n<p data-start=\"3673\" data-end=\"3724\">Die Literatur wurde f\u00fcr mich zum Ort der Freiheit.\u201c<\/p>\n<hr data-start=\"3726\" data-end=\"3729\" \/>\n<h2 data-section-id=\"1ox2w33\" data-start=\"3731\" data-end=\"3743\">H\u00f6lderlin<\/h2>\n<p data-start=\"3745\" data-end=\"3769\">H\u00f6lderlin spricht leise.<\/p>\n<p data-start=\"3771\" data-end=\"3808\">\u201eDer Dichter erfindet die Welt nicht.<\/p>\n<p data-start=\"3810\" data-end=\"3823\">Er h\u00f6rt sie.\u201c<\/p>\n<p data-start=\"3825\" data-end=\"3857\">Er blickt zum virtuellen Himmel.<\/p>\n<p data-start=\"3859\" data-end=\"3878\">\u201eDie Natur spricht.<\/p>\n<p data-start=\"3880\" data-end=\"3903\">Der Dichter \u00fcbersetzt.\u201c<\/p>\n<hr data-start=\"3905\" data-end=\"3908\" \/>\n<h2 data-section-id=\"17sagfz\" data-start=\"3910\" data-end=\"3919\">Uhland<\/h2>\n<p data-start=\"3921\" data-end=\"3940\">Uhland meldet sich.<\/p>\n<p data-start=\"3942\" data-end=\"3972\">\u201eLiteratur bewahrt Erinnerung.<\/p>\n<p data-start=\"3974\" data-end=\"4000\">Ein Volk vergisst schnell.<\/p>\n<p data-start=\"4002\" data-end=\"4021\">Gedichte erinnern.\u201c<\/p>\n<hr data-start=\"4023\" data-end=\"4026\" \/>\n<h2 data-section-id=\"10fquff\" data-start=\"4028\" data-end=\"4037\">M\u00f6rike<\/h2>\n<p data-start=\"4039\" data-end=\"4054\">M\u00f6rike l\u00e4chelt.<\/p>\n<p data-start=\"4056\" data-end=\"4069\">\u201eIch gestehe:<\/p>\n<p data-start=\"4071\" data-end=\"4103\">Mich faszinieren kleine Momente.<\/p>\n<p data-start=\"4105\" data-end=\"4152\">Ein Fr\u00fchlingsmorgen.<br data-start=\"4125\" data-end=\"4128\" \/>Ein Duft.<br data-start=\"4137\" data-end=\"4140\" \/>Ein Gef\u00fchl.\u201c<\/p>\n<hr data-start=\"4154\" data-end=\"4157\" \/>\n<h2 data-section-id=\"13w19mo\" data-start=\"4159\" data-end=\"4168\">Kerner<\/h2>\n<p data-start=\"4170\" data-end=\"4188\">Kerner f\u00fcgt hinzu:<\/p>\n<p data-start=\"4190\" data-end=\"4217\">\u201eDie Seele hat Geheimnisse.<\/p>\n<p data-start=\"4219\" data-end=\"4304\">Literatur erlaubt uns, \u00fcber Dinge zu sprechen, die Wissenschaft nicht erkl\u00e4ren kann.\u201c<\/p>\n<hr data-start=\"4306\" data-end=\"4309\" \/>\n<h2 data-section-id=\"xigkjd\" data-start=\"4311\" data-end=\"4319\">Hauff<\/h2>\n<p data-start=\"4321\" data-end=\"4351\">Hauff widerspricht freundlich.<\/p>\n<p data-start=\"4353\" data-end=\"4401\">\u201eMeine Herren, vergessen Sie nicht das Publikum.<\/p>\n<p data-start=\"4403\" data-end=\"4432\">Menschen lieben Geschichten.\u201c<\/p>\n<hr data-start=\"4434\" data-end=\"4437\" \/>\n<h2 data-section-id=\"190vx8p\" data-start=\"4439\" data-end=\"4448\">Schwab<\/h2>\n<p data-start=\"4450\" data-end=\"4465\">Schwab erkl\u00e4rt:<\/p>\n<p data-start=\"4467\" data-end=\"4497\">\u201eIch wollte Wissen vermitteln.<\/p>\n<p data-start=\"4499\" data-end=\"4550\">Die Mythen der Griechen geh\u00f6ren zu unserer Kultur.\u201c<\/p>\n<hr data-start=\"4552\" data-end=\"4555\" \/>\n<h2 data-section-id=\"x9je4x\" data-start=\"4557\" data-end=\"4565\">Gerok<\/h2>\n<p data-start=\"4567\" data-end=\"4587\">Gerok spricht ruhig:<\/p>\n<p data-start=\"4589\" data-end=\"4618\">\u201eAuch der Glaube sucht Worte.<\/p>\n<p data-start=\"4620\" data-end=\"4696\">Gedichte k\u00f6nnen Trost spenden, wenn Menschen nach Sinn und Hoffnung fragen.\u201c<\/p>\n<hr data-start=\"4698\" data-end=\"4701\" \/>\n<h2 data-section-id=\"1xw6agj\" data-start=\"4703\" data-end=\"4710\">Kurz<\/h2>\n<p data-start=\"4712\" data-end=\"4725\">Kurz erg\u00e4nzt:<\/p>\n<p data-start=\"4727\" data-end=\"4784\">\u201eGeschichte zu erz\u00e4hlen hei\u00dft, sich selbst zu verstehen.\u201c<\/p>\n<hr data-start=\"4786\" data-end=\"4789\" \/>\n<h1 data-section-id=\"1mnk43\" data-start=\"4791\" data-end=\"4796\">5<\/h1>\n<h1 data-section-id=\"rtityv\" data-start=\"4797\" data-end=\"4815\">Streitgespr\u00e4ch<\/h1>\n<h2 data-section-id=\"cikvmq\" data-start=\"4816\" data-end=\"4847\">Freiheit oder das G\u00f6ttliche?<\/h2>\n<p data-start=\"4849\" data-end=\"4879\">Die Diskussion spitzt sich zu.<\/p>\n<p data-start=\"4881\" data-end=\"4895\">Schiller sagt:<\/p>\n<p data-start=\"4897\" data-end=\"4956\">\u201eDie Aufgabe des Dichters ist es, Freiheit zu verteidigen.\u201c<\/p>\n<p data-start=\"4958\" data-end=\"4978\">H\u00f6lderlin antwortet:<\/p>\n<p data-start=\"4980\" data-end=\"5017\">\u201eDer Dichter ist nicht nur politisch.<\/p>\n<p data-start=\"5019\" data-end=\"5050\">Er ist auch Priester der Welt.\u201c<\/p>\n<p data-start=\"5052\" data-end=\"5074\">Schiller widerspricht:<\/p>\n<p data-start=\"5076\" data-end=\"5122\">\u201eDer Dichter ist ein Erzieher der Menschheit.\u201c<\/p>\n<p data-start=\"5124\" data-end=\"5134\">H\u00f6lderlin:<\/p>\n<p data-start=\"5136\" data-end=\"5173\">\u201eUnd ein Dolmetscher des G\u00f6ttlichen.\u201c<\/p>\n<p data-start=\"5175\" data-end=\"5196\">Die Runde wird still.<\/p>\n<hr data-start=\"5198\" data-end=\"5201\" \/>\n<h1 data-section-id=\"1mnj80\" data-start=\"5203\" data-end=\"5208\"><img data-recalc-dims=\"1\" loading=\"lazy\" decoding=\"async\" data-attachment-id=\"5857\" data-permalink=\"https:\/\/mypapergate.net\/en\/die-neun-schwaben\/goethe-im-futurelab\/\" data-orig-file=\"https:\/\/i0.wp.com\/mypapergate.net\/wp-content\/uploads\/2026\/03\/Goethe-im-FutureLab-e1773400903468.jpg?fit=1060%2C688&amp;ssl=1\" data-orig-size=\"1060,688\" data-comments-opened=\"0\" data-image-meta=\"{&quot;aperture&quot;:&quot;0&quot;,&quot;credit&quot;:&quot;&quot;,&quot;camera&quot;:&quot;&quot;,&quot;caption&quot;:&quot;&quot;,&quot;created_timestamp&quot;:&quot;0&quot;,&quot;copyright&quot;:&quot;&quot;,&quot;focal_length&quot;:&quot;0&quot;,&quot;iso&quot;:&quot;0&quot;,&quot;shutter_speed&quot;:&quot;0&quot;,&quot;title&quot;:&quot;&quot;,&quot;orientation&quot;:&quot;1&quot;}\" data-image-title=\"Goethe im FutureLab\" data-image-description=\"\" data-image-caption=\"\" data-large-file=\"https:\/\/i0.wp.com\/mypapergate.net\/wp-content\/uploads\/2026\/03\/Goethe-im-FutureLab-e1773400903468.jpg?fit=1024%2C665&amp;ssl=1\" class=\"alignnone wp-image-5857\" src=\"https:\/\/i0.wp.com\/mypapergate.net\/wp-content\/uploads\/2026\/03\/Goethe-im-FutureLab-e1773400903468.jpg?resize=1616%2C1049&#038;ssl=1\" alt=\"\" width=\"1616\" height=\"1049\" srcset=\"https:\/\/i0.wp.com\/mypapergate.net\/wp-content\/uploads\/2026\/03\/Goethe-im-FutureLab-e1773400903468.jpg?w=1060&amp;ssl=1 1060w, https:\/\/i0.wp.com\/mypapergate.net\/wp-content\/uploads\/2026\/03\/Goethe-im-FutureLab-e1773400903468.jpg?resize=300%2C195&amp;ssl=1 300w, https:\/\/i0.wp.com\/mypapergate.net\/wp-content\/uploads\/2026\/03\/Goethe-im-FutureLab-e1773400903468.jpg?resize=1024%2C665&amp;ssl=1 1024w, https:\/\/i0.wp.com\/mypapergate.net\/wp-content\/uploads\/2026\/03\/Goethe-im-FutureLab-e1773400903468.jpg?resize=768%2C498&amp;ssl=1 768w, https:\/\/i0.wp.com\/mypapergate.net\/wp-content\/uploads\/2026\/03\/Goethe-im-FutureLab-e1773400903468.jpg?resize=18%2C12&amp;ssl=1 18w\" sizes=\"auto, (max-width: 1000px) 100vw, 1000px\" \/><\/h1>\n<h1 data-section-id=\"1mnj80\" data-start=\"5203\" data-end=\"5208\">6<\/h1>\n<h1 data-section-id=\"n35kjv\" data-start=\"5209\" data-end=\"5234\">Der Auftritt von Goethe<\/h1>\n<p data-start=\"5236\" data-end=\"5284\">Pl\u00f6tzlich \u00f6ffnet sich ein neues Projektionsfeld.<\/p>\n<p data-start=\"5286\" data-end=\"5317\">Eine weitere Gestalt erscheint:<\/p>\n<p data-start=\"5319\" data-end=\"5346\">Johann Wolfgang von Goethe.<\/p>\n<p data-start=\"5348\" data-end=\"5371\">Die Dichter verstummen.<\/p>\n<p data-start=\"5373\" data-end=\"5394\">Goethe spricht ruhig:<\/p>\n<p data-start=\"5396\" data-end=\"5429\">\u201eIch habe Ihre Diskussion geh\u00f6rt.<\/p>\n<p data-start=\"5431\" data-end=\"5493\">Sie sprechen von Freiheit.<br data-start=\"5457\" data-end=\"5460\" \/>Und Sie sprechen vom G\u00f6ttlichen.\u201c<\/p>\n<p data-start=\"5495\" data-end=\"5515\">Er macht eine Pause.<\/p>\n<p data-start=\"5517\" data-end=\"5537\">\u201eBeides ist wichtig.<\/p>\n<p data-start=\"5539\" data-end=\"5578\">Doch die Aufgabe der Kunst ist gr\u00f6\u00dfer.\u201c<\/p>\n<hr data-start=\"5580\" data-end=\"5583\" \/>\n<h2 data-section-id=\"7kue5s\" data-start=\"5585\" data-end=\"5605\">Goethes Botschaft<\/h2>\n<p data-start=\"5607\" data-end=\"5622\">Goethe erkl\u00e4rt:<\/p>\n<p data-start=\"5624\" data-end=\"5650\">\u201eDie Aufgabe der Kunst ist<\/p>\n<p data-start=\"5652\" data-end=\"5678\">die Bildung des Menschen.\u201c<\/p>\n<p data-start=\"5680\" data-end=\"5694\">Er f\u00e4hrt fort:<\/p>\n<p data-start=\"5696\" data-end=\"5716\">\u201eDie Kunst verbindet<\/p>\n<p data-start=\"5718\" data-end=\"5785\">Gef\u00fchl und Vernunft<br data-start=\"5737\" data-end=\"5740\" \/>Natur und Geist<br data-start=\"5755\" data-end=\"5758\" \/>Vergangenheit und Zukunft.\u201c<\/p>\n<hr data-start=\"5787\" data-end=\"5790\" \/>\n<h2 data-section-id=\"11p7men\" data-start=\"5792\" data-end=\"5805\">Reaktionen<\/h2>\n<p data-start=\"5807\" data-end=\"5821\">Schiller sagt:<\/p>\n<p data-start=\"5823\" data-end=\"5869\">\u201eDann ist die Kunst eine Schule der Freiheit.\u201c<\/p>\n<p data-start=\"5871\" data-end=\"5878\">Goethe:<\/p>\n<p data-start=\"5880\" data-end=\"5915\">\u201eJa \u2013 aber eine Schule des Lebens.\u201c<\/p>\n<p data-start=\"5917\" data-end=\"5933\">H\u00f6lderlin fragt:<\/p>\n<p data-start=\"5935\" data-end=\"5955\">\u201eUnd die Sch\u00f6nheit?\u201c<\/p>\n<p data-start=\"5957\" data-end=\"5974\">Goethe antwortet:<\/p>\n<p data-start=\"5976\" data-end=\"6014\">\u201eSch\u00f6nheit ist die Form der Wahrheit.\u201c<\/p>\n<hr data-start=\"6016\" data-end=\"6019\" \/>\n<h1 data-section-id=\"1mnifl\" data-start=\"6021\" data-end=\"6026\">7<\/h1>\n<h1 data-section-id=\"1u3guvj\" data-start=\"6027\" data-end=\"6037\">Finale<\/h1>\n<h2 data-section-id=\"uc0new\" data-start=\"6038\" data-end=\"6066\">Die Botschaft der Klassik<\/h2>\n<p data-start=\"6068\" data-end=\"6090\">Goethe fasst zusammen:<\/p>\n<p data-start=\"6092\" data-end=\"6138\">\u201eDer Dichter ist weder Herrscher noch Prophet.<\/p>\n<p data-start=\"6140\" data-end=\"6171\">Er ist ein Gestalter der Welt.\u201c<\/p>\n<p data-start=\"6173\" data-end=\"6211\">Er zeigt auf die B\u00fccher auf dem Tisch:<\/p>\n<p data-start=\"6213\" data-end=\"6266\">Die R\u00e4uber<br data-start=\"6223\" data-end=\"6226\" \/>Hyperion<br data-start=\"6234\" data-end=\"6237\" \/>Der kleine Muck<br data-start=\"6252\" data-end=\"6255\" \/>Palmbl\u00e4tter<\/p>\n<p data-start=\"6268\" data-end=\"6292\">\u201eDiese Werke sind Samen.<\/p>\n<p data-start=\"6294\" data-end=\"6343\">Sie wachsen weiter in den Gedanken der Menschen.\u201c<\/p>\n<h3 data-start=\"6345\" data-end=\"6379\">Der Moderator des FutureLabs sagt:<\/h3>\n<p data-start=\"6381\" data-end=\"6442\">\u201eLiteratur ist die Erinnerung der Menschheit an sich selbst.\u201c<\/p>\n<p data-start=\"6444\" data-end=\"6492\">Die holografischen Gestalten verblassen langsam.<\/p>\n<p data-start=\"6494\" data-end=\"6529\">Der virtuelle Neckar flie\u00dft weiter.<\/p>\n<p data-start=\"6531\" data-end=\"6568\">Das Gespr\u00e4ch der Dichter ist beendet.<\/p>\n<p data-start=\"6570\" data-end=\"6596\">Doch ihre Stimmen bleiben.<\/p>\n<h2 data-section-id=\"1r0u341\" data-start=\"69\" data-end=\"129\"><\/h2>\n<h2 data-section-id=\"1r0u341\" data-start=\"69\" data-end=\"129\">Und er stellt zum Schluss die Frage, warum gerade Schwaben so viele Dichter hervorgebracht hat<\/h2>\n<p data-start=\"131\" data-end=\"350\">Die Landschaft Schwabens hat \u00fcber Jahrhunderte eine erstaunliche Zahl von Dichtern hervorgebracht. Zwischen Neckar, Alb und Schwarzwald entstand eine besondere Verbindung von Bildung, Naturerfahrung und geistigem Leben.<\/p>\n<p data-start=\"352\" data-end=\"646\">Ein wichtiger Grund war das <strong data-start=\"380\" data-end=\"411\">Bildungssystem W\u00fcrttembergs<\/strong>. Schon fr\u00fch besa\u00df das Land ein dichtes Netz von Lateinschulen und evangelischen Klosterschulen. Die Universit\u00e4t T\u00fcbingen wurde zu einem geistigen Zentrum, in dem viele sp\u00e4tere Dichter studierten oder miteinander in Verbindung standen.<\/p>\n<p data-start=\"648\" data-end=\"893\">Auch die <strong data-start=\"657\" data-end=\"691\">religi\u00f6se Kultur des Pietismus<\/strong> pr\u00e4gte die Region. Sie f\u00f6rderte eine intensive Besch\u00e4ftigung mit Sprache, Bibeltexten und pers\u00f6nlicher Innerlichkeit. Diese Tradition wirkte in der Lyrik und im Denken vieler schw\u00e4bischer Autoren nach.<\/p>\n<p data-start=\"895\" data-end=\"1161\">Hinzu kommt die <strong data-start=\"911\" data-end=\"932\">Landschaft selbst<\/strong>. Die Weinberge des Neckars, die W\u00e4lder des Schwarzwalds und die Hochfl\u00e4chen der Schw\u00e4bischen Alb wurden zu Bildern poetischer Erfahrung. Natur, Geschichte und Volkskultur verbanden sich zu einer eigenen literarischen Atmosph\u00e4re.<\/p>\n<p data-start=\"1163\" data-end=\"1330\">So entstand im 18. und 19. Jahrhundert eine au\u00dfergew\u00f6hnliche Reihe von Dichtern:<br data-start=\"1243\" data-end=\"1246\" \/>Schiller und H\u00f6lderlin, Uhland und Kerner, Hauff und M\u00f6rike, Schwab, Gerok und Kurz.<\/p>\n<p data-start=\"1332\" data-end=\"1490\">Sie alle zeigen, dass Literatur nicht nur aus einzelnen Genies entsteht, sondern auch aus einer <strong data-start=\"1428\" data-end=\"1489\">Kultur, die Sprache, Bildung und geistige Freiheit pflegt<\/strong>.<\/p>\n<p data-start=\"1492\" data-end=\"1630\">Vielleicht ist es deshalb kein Zufall, dass gerade in Schwaben so viele Stimmen entstanden, die bis heute zur deutschen Literatur geh\u00f6ren.<\/p>","protected":false},"excerpt":{"rendered":"<p>Die schw\u00e4bischen Dichter im FutureLab Eine literarische Session im Zauberberg 2.0 Inhaltsverzeichnis Prolog \u2013 Der Salon des FutureLabsDie neun schw\u00e4bischen DichterVorstellung der Dichter und ihrer WerkeDas Symposium \u2013 Warum wird ein Dichter \u00f6ffentlich?Streitgespr\u00e4ch \u2013 Freiheit oder das G\u00f6ttliche?Der Auftritt von GoetheFinale \u2013 Die Botschaft der deutschen Klassik 1 Prolog Der Salon des FutureLabs Der literarische [&hellip;]<\/p>\n","protected":false},"author":269358233,"featured_media":5889,"parent":0,"menu_order":0,"comment_status":"closed","ping_status":"closed","template":"","meta":{"_crdt_document":"","advanced_seo_description":"","jetpack_seo_html_title":"","jetpack_seo_noindex":false,"footnotes":""},"class_list":["post-5861","page","type-page","status-publish","has-post-thumbnail","hentry"],"jetpack_likes_enabled":true,"jetpack_sharing_enabled":true,"jetpack_shortlink":"https:\/\/wp.me\/PgI6ye-1wx","jetpack-related-posts":[],"_links":{"self":[{"href":"https:\/\/mypapergate.net\/en\/wp-json\/wp\/v2\/pages\/5861","targetHints":{"allow":["GET"]}}],"collection":[{"href":"https:\/\/mypapergate.net\/en\/wp-json\/wp\/v2\/pages"}],"about":[{"href":"https:\/\/mypapergate.net\/en\/wp-json\/wp\/v2\/types\/page"}],"author":[{"embeddable":true,"href":"https:\/\/mypapergate.net\/en\/wp-json\/wp\/v2\/users\/269358233"}],"replies":[{"embeddable":true,"href":"https:\/\/mypapergate.net\/en\/wp-json\/wp\/v2\/comments?post=5861"}],"version-history":[{"count":24,"href":"https:\/\/mypapergate.net\/en\/wp-json\/wp\/v2\/pages\/5861\/revisions"}],"predecessor-version":[{"id":5892,"href":"https:\/\/mypapergate.net\/en\/wp-json\/wp\/v2\/pages\/5861\/revisions\/5892"}],"wp:featuredmedia":[{"embeddable":true,"href":"https:\/\/mypapergate.net\/en\/wp-json\/wp\/v2\/media\/5889"}],"wp:attachment":[{"href":"https:\/\/mypapergate.net\/en\/wp-json\/wp\/v2\/media?parent=5861"}],"curies":[{"name":"wp","href":"https:\/\/api.w.org\/{rel}","templated":true}]}}